{"id":246,"date":"2025-10-19T16:47:29","date_gmt":"2025-10-19T14:47:29","guid":{"rendered":"https:\/\/rfrabogados.es\/?page_id=246"},"modified":"2025-12-19T15:19:11","modified_gmt":"2025-12-19T14:19:11","slug":"aviso-legal","status":"publish","type":"page","link":"https:\/\/rfrabogados.es\/en\/aviso-legal\/","title":{"rendered":"Legal notice"},"content":{"rendered":"<div data-elementor-type=\"wp-page\" data-elementor-id=\"246\" class=\"elementor elementor-246\" data-elementor-post-type=\"page\">\n\t\t\t\t<div class=\"elementor-element elementor-element-802e6ca e-flex e-con-boxed e-con e-parent\" data-id=\"802e6ca\" data-element_type=\"container\">\n\t\t\t\t\t<div class=\"e-con-inner\">\n\t\t\t\t<div class=\"elementor-element elementor-element-2626d4d elementor-widget elementor-widget-text-editor\" data-id=\"2626d4d\" data-element_type=\"widget\" data-widget_type=\"text-editor.default\">\n\t\t\t\t\t\t\t\t\t<p>De conformidad con la Ley Org\u00e1nica 3\/2018, de 5 de diciembre, de Protecci\u00f3n de Datos Personales y Garant\u00eda de los Derechos Digitales relativo a la Protecci\u00f3n de las Personas f\u00edsicas, y conforme a disposiciones reglamentarias reflejadas en el Reglamento (UE) 2016\/679 del Parlamento Europeo y del Consejo, de 27 de abril de 2016, le informamos que sus datos personales ser\u00e1n tratados por ROC\u00cdO FERN\u00c1NDEZ ROBLES, con el fin de gestionar su solicitud y el mantenimiento de las relaciones profesionales y comerciales con usted.<\/p><p>Sus datos no ser\u00e1n cedidos a terceros. Este tratamiento de datos es necesario para atender su solicitud.<\/p><p>Sus datos ser\u00e1n eliminados pasado un tiempo prudencial desde que atendamos su solicitud. Ud. puede ejercer sus derechos de acceso, rectificaci\u00f3n, supresi\u00f3n, portabilidad y limitaci\u00f3n del tratamiento de sus datos dirigi\u00e9ndose a ROC\u00cdO FERN\u00c1NDEZ ROBLES Calle Camino De M\u00e1laga 14, Planta Segunda; 29170 Colmenar (M\u00e1laga) o a info@rfrabogados.es, acompa\u00f1ando copia de su DNI acreditando debidamente su identidad. En cualquier situaci\u00f3n, Ud. tiene derecho a presentar una reclamaci\u00f3n ante la Agencia Espa\u00f1ola de Protecci\u00f3n de Datos (AEPD).<\/p><p><br \/>Privacy Policy<br \/>De conformidad con la Ley Org\u00e1nica 3\/2018, de 5 de diciembre, de Protecci\u00f3n de Datos Personales y Garant\u00eda de los Derechos Digitales relativo a la Protecci\u00f3n de las Personas f\u00edsicas y el Reglamento (UE) 2016\/679 de Parlamento Europeo y del Consejo de 27 de abril de 2016, ROC\u00cdO FERN\u00c1NDEZ ROBLES expone en la siguiente tabla la informaci\u00f3n b\u00e1sica sobre el tratamiento de datos bajo su responsabilidad:<\/p>\t\t\t\t\t\t\t\t<\/div>\n\t\t\t\t\t<\/div>\n\t\t\t\t<\/div>\n\t\t\t\t<\/div>","protected":false},"excerpt":{"rendered":"<p>De conformidad con la Ley Org\u00e1nica 3\/2018, de 5 de diciembre, de Protecci\u00f3n de Datos Personales y Garant\u00eda de los Derechos Digitales relativo a la Protecci\u00f3n de las Personas f\u00edsicas, y conforme a disposiciones reglamentarias reflejadas en el Reglamento (UE) 2016\/679 del Parlamento Europeo y del Consejo, de 27 de abril de 2016, le informamos [&hellip;]<\/p>","protected":false},"author":1,"featured_media":0,"parent":0,"menu_order":0,"comment_status":"closed","ping_status":"closed","template":"","meta":{"footnotes":""},"class_list":["post-246","page","type-page","status-publish","hentry"],"yoast_head":"<!-- This site is optimized with the Yoast SEO plugin v26.3 - https:\/\/yoast.com\/wordpress\/plugins\/seo\/ -->\n<title>Aviso legal - RFR Abogados<\/title>\n<meta name=\"robots\" content=\"index, follow, max-snippet:-1, max-image-preview:large, max-video-preview:-1\" \/>\n<link rel=\"canonical\" href=\"https:\/\/rfrabogados.es\/en\/aviso-legal\/\" \/>\n<meta property=\"og:locale\" content=\"en_GB\" \/>\n<meta property=\"og:type\" content=\"article\" \/>\n<meta property=\"og:title\" content=\"Aviso legal - RFR Abogados\" \/>\n<meta property=\"og:description\" content=\"De conformidad con la Ley Org\u00e1nica 3\/2018, de 5 de diciembre, de Protecci\u00f3n de Datos Personales y Garant\u00eda de los Derechos Digitales relativo a la Protecci\u00f3n de las Personas f\u00edsicas, y conforme a disposiciones reglamentarias reflejadas en el Reglamento (UE) 2016\/679 del Parlamento Europeo y del Consejo, de 27 de abril de 2016, le informamos [&hellip;]\" \/>\n<meta property=\"og:url\" content=\"https:\/\/rfrabogados.es\/en\/aviso-legal\/\" \/>\n<meta property=\"og:site_name\" content=\"RFR Abogados\" \/>\n<meta property=\"article:modified_time\" content=\"2025-12-19T14:19:11+00:00\" \/>\n<meta name=\"twitter:card\" content=\"summary_large_image\" \/>\n<meta name=\"twitter:label1\" content=\"Estimated reading time\" \/>\n\t<meta name=\"twitter:data1\" content=\"2 minutes\" \/>\n<script type=\"application\/ld+json\" class=\"yoast-schema-graph\">{\"@context\":\"https:\/\/schema.org\",\"@graph\":[{\"@type\":\"WebPage\",\"@id\":\"https:\/\/rfrabogados.es\/aviso-legal\/\",\"url\":\"https:\/\/rfrabogados.es\/aviso-legal\/\",\"name\":\"Aviso legal - RFR Abogados\",\"isPartOf\":{\"@id\":\"https:\/\/rfrabogados.es\/#website\"},\"datePublished\":\"2025-10-19T14:47:29+00:00\",\"dateModified\":\"2025-12-19T14:19:11+00:00\",\"breadcrumb\":{\"@id\":\"https:\/\/rfrabogados.es\/aviso-legal\/#breadcrumb\"},\"inLanguage\":\"en-GB\",\"potentialAction\":[{\"@type\":\"ReadAction\",\"target\":[\"https:\/\/rfrabogados.es\/aviso-legal\/\"]}]},{\"@type\":\"BreadcrumbList\",\"@id\":\"https:\/\/rfrabogados.es\/aviso-legal\/#breadcrumb\",\"itemListElement\":[{\"@type\":\"ListItem\",\"position\":1,\"name\":\"Portada\",\"item\":\"https:\/\/rfrabogados.es\/\"},{\"@type\":\"ListItem\",\"position\":2,\"name\":\"Aviso legal\"}]},{\"@type\":\"WebSite\",\"@id\":\"https:\/\/rfrabogados.es\/#website\",\"url\":\"https:\/\/rfrabogados.es\/\",\"name\":\"RFR Abogados\",\"description\":\"Asesoramiento legal en materia inmobiliaria de alta precisi\u00f3n con trato directo y absoluto rigor profesional.\",\"publisher\":{\"@id\":\"https:\/\/rfrabogados.es\/#organization\"},\"potentialAction\":[{\"@type\":\"SearchAction\",\"target\":{\"@type\":\"EntryPoint\",\"urlTemplate\":\"https:\/\/rfrabogados.es\/?s={search_term_string}\"},\"query-input\":{\"@type\":\"PropertyValueSpecification\",\"valueRequired\":true,\"valueName\":\"search_term_string\"}}],\"inLanguage\":\"en-GB\"},{\"@type\":\"Organization\",\"@id\":\"https:\/\/rfrabogados.es\/#organization\",\"name\":\"RFR Abogados\",\"url\":\"https:\/\/rfrabogados.es\/\",\"logo\":{\"@type\":\"ImageObject\",\"inLanguage\":\"en-GB\",\"@id\":\"https:\/\/rfrabogados.es\/#\/schema\/logo\/image\/\",\"url\":\"https:\/\/rfrabogados.es\/wp-content\/uploads\/2025\/10\/Logo-Azul-Oscuro-Sin-Fondo.png\",\"contentUrl\":\"https:\/\/rfrabogados.es\/wp-content\/uploads\/2025\/10\/Logo-Azul-Oscuro-Sin-Fondo.png\",\"width\":2001,\"height\":1222,\"caption\":\"RFR Abogados\"},\"image\":{\"@id\":\"https:\/\/rfrabogados.es\/#\/schema\/logo\/image\/\"}}]}<\/script>\n<!-- \/ Yoast SEO plugin. -->","yoast_head_json":{"title":"Aviso legal - RFR Abogados","robots":{"index":"index","follow":"follow","max-snippet":"max-snippet:-1","max-image-preview":"max-image-preview:large","max-video-preview":"max-video-preview:-1"},"canonical":"https:\/\/rfrabogados.es\/en\/aviso-legal\/","og_locale":"en_GB","og_type":"article","og_title":"Aviso legal - RFR Abogados","og_description":"De conformidad con la Ley Org\u00e1nica 3\/2018, de 5 de diciembre, de Protecci\u00f3n de Datos Personales y Garant\u00eda de los Derechos Digitales relativo a la Protecci\u00f3n de las Personas f\u00edsicas, y conforme a disposiciones reglamentarias reflejadas en el Reglamento (UE) 2016\/679 del Parlamento Europeo y del Consejo, de 27 de abril de 2016, le informamos [&hellip;]","og_url":"https:\/\/rfrabogados.es\/en\/aviso-legal\/","og_site_name":"RFR Abogados","article_modified_time":"2025-12-19T14:19:11+00:00","twitter_card":"summary_large_image","twitter_misc":{"Estimated reading time":"2 minutes"},"schema":{"@context":"https:\/\/schema.org","@graph":[{"@type":"WebPage","@id":"https:\/\/rfrabogados.es\/aviso-legal\/","url":"https:\/\/rfrabogados.es\/aviso-legal\/","name":"Aviso legal - RFR Abogados","isPartOf":{"@id":"https:\/\/rfrabogados.es\/#website"},"datePublished":"2025-10-19T14:47:29+00:00","dateModified":"2025-12-19T14:19:11+00:00","breadcrumb":{"@id":"https:\/\/rfrabogados.es\/aviso-legal\/#breadcrumb"},"inLanguage":"en-GB","potentialAction":[{"@type":"ReadAction","target":["https:\/\/rfrabogados.es\/aviso-legal\/"]}]},{"@type":"BreadcrumbList","@id":"https:\/\/rfrabogados.es\/aviso-legal\/#breadcrumb","itemListElement":[{"@type":"ListItem","position":1,"name":"Portada","item":"https:\/\/rfrabogados.es\/"},{"@type":"ListItem","position":2,"name":"Aviso legal"}]},{"@type":"WebSite","@id":"https:\/\/rfrabogados.es\/#website","url":"https:\/\/rfrabogados.es\/","name":"RFR Abogados","description":"Asesoramiento legal en materia inmobiliaria de alta precisi\u00f3n con trato directo y absoluto rigor profesional.","publisher":{"@id":"https:\/\/rfrabogados.es\/#organization"},"potentialAction":[{"@type":"SearchAction","target":{"@type":"EntryPoint","urlTemplate":"https:\/\/rfrabogados.es\/?s={search_term_string}"},"query-input":{"@type":"PropertyValueSpecification","valueRequired":true,"valueName":"search_term_string"}}],"inLanguage":"en-GB"},{"@type":"Organization","@id":"https:\/\/rfrabogados.es\/#organization","name":"RFR Abogados","url":"https:\/\/rfrabogados.es\/","logo":{"@type":"ImageObject","inLanguage":"en-GB","@id":"https:\/\/rfrabogados.es\/#\/schema\/logo\/image\/","url":"https:\/\/rfrabogados.es\/wp-content\/uploads\/2025\/10\/Logo-Azul-Oscuro-Sin-Fondo.png","contentUrl":"https:\/\/rfrabogados.es\/wp-content\/uploads\/2025\/10\/Logo-Azul-Oscuro-Sin-Fondo.png","width":2001,"height":1222,"caption":"RFR Abogados"},"image":{"@id":"https:\/\/rfrabogados.es\/#\/schema\/logo\/image\/"}}]}},"_links":{"self":[{"href":"https:\/\/rfrabogados.es\/en\/wp-json\/wp\/v2\/pages\/246","targetHints":{"allow":["GET"]}}],"collection":[{"href":"https:\/\/rfrabogados.es\/en\/wp-json\/wp\/v2\/pages"}],"about":[{"href":"https:\/\/rfrabogados.es\/en\/wp-json\/wp\/v2\/types\/page"}],"author":[{"embeddable":true,"href":"https:\/\/rfrabogados.es\/en\/wp-json\/wp\/v2\/users\/1"}],"replies":[{"embeddable":true,"href":"https:\/\/rfrabogados.es\/en\/wp-json\/wp\/v2\/comments?post=246"}],"version-history":[{"count":4,"href":"https:\/\/rfrabogados.es\/en\/wp-json\/wp\/v2\/pages\/246\/revisions"}],"predecessor-version":[{"id":542,"href":"https:\/\/rfrabogados.es\/en\/wp-json\/wp\/v2\/pages\/246\/revisions\/542"}],"wp:attachment":[{"href":"https:\/\/rfrabogados.es\/en\/wp-json\/wp\/v2\/media?parent=246"}],"curies":[{"name":"wp","href":"https:\/\/api.w.org\/{rel}","templated":true}]}}